{"id":3,"date":"2018-11-22T13:50:02","date_gmt":"2018-11-22T13:50:02","guid":{"rendered":"http:\/\/www.kmkengineers.com\/?page_id=3"},"modified":"2020-08-07T12:33:06","modified_gmt":"2020-08-07T11:33:06","slug":"politique-de-confidentialite","status":"publish","type":"page","link":"https:\/\/www.kmkengineers.com\/fr\/privacy-policy\/","title":{"rendered":"Vie priv\u00e9e"},"content":{"rendered":"<p><div class=\"fusion-fullwidth fullwidth-box fusion-builder-row-1 nonhundred-percent-fullwidth non-hundred-percent-height-scrolling\" style=\"--awb-border-radius-top-left:0px;--awb-border-radius-top-right:0px;--awb-border-radius-bottom-right:0px;--awb-border-radius-bottom-left:0px;--awb-flex-wrap:wrap;\" ><div class=\"fusion-builder-row fusion-row\"><div class=\"fusion-layout-column fusion_builder_column fusion-builder-column-0 fusion_builder_column_1_1 1_1 fusion-one-full fusion-column-first fusion-column-last\" style=\"--awb-padding-top:20px;--awb-padding-bottom:20px;--awb-bg-size:cover;\"><div class=\"fusion-column-wrapper fusion-column-has-shadow fusion-flex-column-wrapper-legacy\"><div class=\"fusion-clearfix\"><\/div><\/div><\/div><\/div><\/div><div class=\"fusion-fullwidth fullwidth-box fusion-builder-row-2 nonhundred-percent-fullwidth non-hundred-percent-height-scrolling\" style=\"--awb-border-radius-top-left:0px;--awb-border-radius-top-right:0px;--awb-border-radius-bottom-right:0px;--awb-border-radius-bottom-left:0px;--awb-flex-wrap:wrap;\" ><div class=\"fusion-builder-row fusion-row\"><div class=\"fusion-layout-column fusion_builder_column fusion-builder-column-1 fusion_builder_column_1_3 1_3 fusion-one-third fusion-column-first\" style=\"--awb-bg-size:cover;--awb-margin-bottom:0px;width:30.6666%; margin-right: 4%;\"><div class=\"fusion-column-wrapper fusion-flex-column-wrapper-legacy\"><div class=\"fusion-text fusion-text-1\"><h2><span style=\"color: #457181;\">Politique en mati\u00e8re de protection de la vie priv\u00e9e et de cookies<\/span><\/h2>\n<\/div><div class=\"fusion-sep-clear\"><\/div><div class=\"fusion-separator fusion-clearfix\" style=\"float:left;margin-bottom:35px;width:100%;max-width:170px;\"><div class=\"fusion-separator-border sep-single sep-solid\" style=\"--awb-height:20px;--awb-amount:20px;--awb-sep-color:rgba(69,113,129,0.58);border-color:rgba(69,113,129,0.58);border-top-width:3px;\"><\/div><\/div><div class=\"fusion-sep-clear\"><\/div><div class=\"fusion-clearfix\"><\/div><\/div><\/div><div class=\"fusion-layout-column fusion_builder_column fusion-builder-column-2 fusion_builder_column_2_3 2_3 fusion-two-third fusion-column-last\" style=\"--awb-bg-size:cover;--awb-margin-bottom:0px;width:65.3333%;\"><div class=\"fusion-column-wrapper fusion-flex-column-wrapper-legacy\"><div class=\"fusion-text fusion-text-2\"><div class=\"\">\n<p>La pr\u00e9sente politique de confidentialit\u00e9 r\u00e9git la mani\u00e8re dont KMK Consulting Engineers recueille, utilise, conserve et divulgue les informations collect\u00e9es aupr\u00e8s des utilisateurs (chacun d'eux \u00e9tant un \"utilisateur\") du site Web de KMK Consulting Engineers. <a href=\"http:\/\/www.kmkengineers.com\/fr\/\">http:\/\/www.kmkengineers.com<\/a>\u00a0(\"Site\"). Cette politique de confidentialit\u00e9 s'applique au site et \u00e0 tous les produits et services propos\u00e9s par KMK Consulting Engineers.<\/p>\n<p><b class=\"\">Informations d'identification personnelle<\/b><br class=\"\" \/>Nous pouvons collecter des informations d'identification personnelle aupr\u00e8s des utilisateurs de diff\u00e9rentes mani\u00e8res, y compris, mais sans s'y limiter, lorsque les utilisateurs visitent notre site, s'inscrivent \u00e0 un bulletin d'information, remplissent un formulaire, et dans le cadre d'autres activit\u00e9s, services, caract\u00e9ristiques ou ressources que nous mettons \u00e0 disposition sur notre site. Les utilisateurs peuvent \u00eatre invit\u00e9s \u00e0 fournir, le cas \u00e9ch\u00e9ant, leur nom, leur adresse \u00e9lectronique, leur adresse postale et leur num\u00e9ro de t\u00e9l\u00e9phone.<br class=\"\" \/><br class=\"\" \/>Nous ne recueillons des informations d'identification personnelle aupr\u00e8s des utilisateurs que s'ils nous les soumettent volontairement. Les utilisateurs peuvent toujours refuser de fournir des informations d'identification personnelle, sauf que cela peut les emp\u00eacher de participer \u00e0 certaines activit\u00e9s li\u00e9es au site.<br class=\"\" \/><br class=\"\" \/><b class=\"\">Informations d'identification non personnelles<\/b><br class=\"\" \/>Nous pouvons recueillir des informations d'identification non personnelles sur les utilisateurs lorsqu'ils interagissent avec notre site. Les informations d'identification non personnelles peuvent inclure le nom du navigateur, le type d'ordinateur et des informations techniques sur les moyens de connexion des utilisateurs \u00e0 notre site, tels que le syst\u00e8me d'exploitation et les fournisseurs d'acc\u00e8s \u00e0 Internet utilis\u00e9s, ainsi que d'autres informations similaires.<br class=\"\" \/><br class=\"\" \/><b class=\"\">Cookies de navigateur web<\/b><br class=\"\" \/>Notre site peut utiliser des \"cookies\" pour am\u00e9liorer l'exp\u00e9rience de l'utilisateur. Le navigateur web de l'utilisateur place des cookies sur son disque dur \u00e0 des fins d'archivage et parfois pour suivre les informations le concernant. L'utilisateur peut choisir de configurer son navigateur web pour qu'il refuse les cookies ou pour qu'il l'avertisse lorsque des cookies sont envoy\u00e9s. Dans ce cas, certaines parties du site risquent de ne pas fonctionner correctement.<br class=\"\" \/><br class=\"\" \/><b class=\"\">Comment nous utilisons les informations collect\u00e9es<\/b><\/p>\n<ul>\n<li>Pour personnaliser l'exp\u00e9rience de l'utilisateur. Nous pouvons utiliser des informations globales pour comprendre comment nos utilisateurs, en tant que groupe, utilisent les services et les ressources fournis sur notre site.<\/li>\n<li>Pour envoyer des courriels p\u00e9riodiques. L'adresse \u00e9lectronique fournie par les utilisateurs ne sera utilis\u00e9e que pour r\u00e9pondre \u00e0 leurs demandes de renseignements et\/ou \u00e0 d'autres demandes ou questions. Si l'utilisateur d\u00e9cide de s'inscrire \u00e0 notre liste de diffusion, il recevra des courriels pouvant contenir des nouvelles de l'entreprise, des mises \u00e0 jour, des informations sur des produits ou des services connexes, etc. Si, \u00e0 tout moment, l'utilisateur souhaite se d\u00e9sinscrire pour ne plus recevoir de courriers \u00e9lectroniques, nous incluons des instructions d\u00e9taill\u00e9es de d\u00e9sinscription au bas de chaque courrier \u00e9lectronique.<\/li>\n<\/ul>\n<\/div>\n<p><b class=\"\">Comment nous prot\u00e9geons vos informations<\/b><br class=\"\" \/>Nous adoptons des pratiques appropri\u00e9es de collecte, de stockage et de traitement des donn\u00e9es ainsi que des mesures de s\u00e9curit\u00e9 pour prot\u00e9ger contre l'acc\u00e8s non autoris\u00e9, l'alt\u00e9ration, la divulgation ou la destruction de vos informations personnelles et des donn\u00e9es stock\u00e9es sur notre site.<br class=\"\" \/><br class=\"\" \/><b class=\"\">Partage de vos informations personnelles<\/b><br class=\"\" \/>Nous ne vendons pas, n'\u00e9changeons pas et ne louons pas les informations d'identification personnelle des utilisateurs \u00e0 des tiers. Nous pouvons partager des informations d\u00e9mographiques g\u00e9n\u00e9riques agr\u00e9g\u00e9es non li\u00e9es \u00e0 des informations d'identification personnelle concernant les visiteurs et les utilisateurs avec nos partenaires commerciaux, nos affili\u00e9s de confiance et nos annonceurs aux fins d\u00e9crites ci-dessus. Nous pouvons faire appel \u00e0 des prestataires de services tiers pour nous aider \u00e0 g\u00e9rer notre entreprise et le site ou pour administrer des activit\u00e9s en notre nom, telles que l'envoi de bulletins d'information ou d'enqu\u00eates. Nous pouvons partager vos informations avec ces tiers \u00e0 ces fins limit\u00e9es, \u00e0 condition que vous nous en ayez donn\u00e9 l'autorisation.<br class=\"\" \/><br class=\"\" \/><b class=\"\">Sites web de tiers<\/b><br class=\"\" \/>Les utilisateurs peuvent trouver sur notre site des publicit\u00e9s ou d'autres contenus qui renvoient aux sites et services de nos partenaires, fournisseurs, annonceurs, sponsors, conc\u00e9dants de licence et autres tiers. Nous ne contr\u00f4lons pas le contenu ou les liens qui apparaissent sur ces sites et ne sommes pas responsables des pratiques employ\u00e9es par les sites web li\u00e9s \u00e0 notre site ou \u00e0 partir de celui-ci. En outre, ces sites ou services, y compris leur contenu et leurs liens, peuvent \u00eatre en constante \u00e9volution. Ces sites et services peuvent avoir leurs propres politiques de confidentialit\u00e9 et de service \u00e0 la client\u00e8le. La navigation et l'interaction sur tout autre site web, y compris les sites web ayant un lien vers notre site, sont soumises aux conditions et politiques propres \u00e0 ce site web.<br class=\"\" \/><br class=\"\" \/><b class=\"\">Modifications de la pr\u00e9sente politique de confidentialit\u00e9<\/b><br class=\"\" \/>KMK Consulting Engineers a la possibilit\u00e9 de mettre \u00e0 jour cette politique de confidentialit\u00e9 \u00e0 tout moment. Le cas \u00e9ch\u00e9ant, la date de mise \u00e0 jour sera indiqu\u00e9e au bas de cette page. Nous encourageons les utilisateurs \u00e0 consulter fr\u00e9quemment cette page pour prendre connaissance des changements \u00e9ventuels et rester inform\u00e9s de la mani\u00e8re dont nous prot\u00e9geons les informations personnelles que nous recueillons. Vous reconnaissez et acceptez qu'il est de votre responsabilit\u00e9 de consulter r\u00e9guli\u00e8rement cette politique de confidentialit\u00e9 et de prendre connaissance des modifications.<br class=\"\" \/><br class=\"\" \/><b class=\"\">Votre acceptation de ces conditions<\/b><br class=\"\" \/>En utilisant ce site, vous signifiez votre acceptation de cette politique. Si vous n'acceptez pas cette politique, veuillez ne pas utiliser notre site. En continuant \u00e0 utiliser le site apr\u00e8s la publication de modifications de la pr\u00e9sente politique, vous \u00eates r\u00e9put\u00e9 avoir accept\u00e9 ces modifications.<br class=\"\" \/><br class=\"\" \/><b class=\"\">Nous contacter<\/b><br class=\"\" \/>Si vous avez des questions concernant la pr\u00e9sente politique de confidentialit\u00e9, les pratiques de ce site ou vos relations avec ce site, veuillez nous contacter \u00e0 l'adresse suivante :<br \/>\n<br class=\"\" \/><strong>KMK Ing\u00e9nieurs-conseils<br \/>\n<\/strong>Future Space, UWE North Gate, Filton Road,<br \/>\nStoke Gifford, Bristol BS34 8QZ<\/p>\n<p>T : +44 (0)1174 285740<br \/>\nE : <a href=\"mailto:info@kmkengineers.com\">info@kmkengineers.com<\/a><\/p>\n<p>Ce document a \u00e9t\u00e9 mis \u00e0 jour pour la derni\u00e8re fois en ao\u00fbt 2020<\/p>\n<\/div><div class=\"fusion-clearfix\"><\/div><\/div><\/div><\/div><\/div><\/p>","protected":false},"excerpt":{"rendered":"","protected":false},"author":1,"featured_media":0,"parent":0,"menu_order":5,"comment_status":"closed","ping_status":"closed","template":"","meta":{"footnotes":""},"class_list":["post-3","page","type-page","status-publish","hentry"],"yoast_head":"<!-- This site is optimized with the Yoast SEO Premium plugin v27.1 (Yoast SEO v27.6) - https:\/\/yoast.com\/product\/yoast-seo-premium-wordpress\/ -->\n<title>Privacy Policy | KMK Consulting Engineers, Bristol<\/title>\n<meta name=\"description\" content=\"This Privacy Policy governs the manner in which KMK Consulting Engineers collects, uses, maintains and discloses information\" \/>\n<meta name=\"robots\" content=\"index, follow, max-snippet:-1, max-image-preview:large, max-video-preview:-1\" \/>\n<link rel=\"canonical\" href=\"https:\/\/www.kmkengineers.com\/fr\/politique-de-confidentialite\/\" \/>\n<meta property=\"og:locale\" content=\"fr_FR\" \/>\n<meta property=\"og:type\" content=\"article\" \/>\n<meta property=\"og:title\" content=\"Privacy\" \/>\n<meta property=\"og:description\" content=\"This Privacy Policy governs the manner in which KMK Consulting Engineers collects, uses, maintains and discloses information\" \/>\n<meta property=\"og:url\" content=\"https:\/\/www.kmkengineers.com\/fr\/politique-de-confidentialite\/\" \/>\n<meta property=\"og:site_name\" content=\"KMK Consulting Engineers\" \/>\n<meta property=\"article:modified_time\" content=\"2020-08-07T11:33:06+00:00\" \/>\n<meta name=\"twitter:card\" content=\"summary_large_image\" \/>\n<meta name=\"twitter:label1\" content=\"Dur\u00e9e de lecture estim\u00e9e\" \/>\n\t<meta name=\"twitter:data1\" content=\"8 minutes\" \/>\n<script type=\"application\/ld+json\" class=\"yoast-schema-graph\">{\"@context\":\"https:\\\/\\\/schema.org\",\"@graph\":[{\"@type\":\"WebPage\",\"@id\":\"https:\\\/\\\/www.kmkengineers.com\\\/privacy-policy\\\/\",\"url\":\"https:\\\/\\\/www.kmkengineers.com\\\/privacy-policy\\\/\",\"name\":\"Privacy Policy | KMK Consulting Engineers, Bristol\",\"isPartOf\":{\"@id\":\"https:\\\/\\\/www.kmkengineers.com\\\/#website\"},\"datePublished\":\"2018-11-22T13:50:02+00:00\",\"dateModified\":\"2020-08-07T11:33:06+00:00\",\"description\":\"This Privacy Policy governs the manner in which KMK Consulting Engineers collects, uses, maintains and discloses information\",\"breadcrumb\":{\"@id\":\"https:\\\/\\\/www.kmkengineers.com\\\/privacy-policy\\\/#breadcrumb\"},\"inLanguage\":\"fr-FR\",\"potentialAction\":[{\"@type\":\"ReadAction\",\"target\":[\"https:\\\/\\\/www.kmkengineers.com\\\/privacy-policy\\\/\"]}]},{\"@type\":\"BreadcrumbList\",\"@id\":\"https:\\\/\\\/www.kmkengineers.com\\\/privacy-policy\\\/#breadcrumb\",\"itemListElement\":[{\"@type\":\"ListItem\",\"position\":1,\"name\":\"Home\",\"item\":\"https:\\\/\\\/www.kmkengineers.com\\\/\"},{\"@type\":\"ListItem\",\"position\":2,\"name\":\"Privacy\"}]},{\"@type\":\"WebSite\",\"@id\":\"https:\\\/\\\/www.kmkengineers.com\\\/#website\",\"url\":\"https:\\\/\\\/www.kmkengineers.com\\\/\",\"name\":\"KMK Consulting Engineers\",\"description\":\"Experience | Assurance | Quality\",\"publisher\":{\"@id\":\"https:\\\/\\\/www.kmkengineers.com\\\/#organization\"},\"potentialAction\":[{\"@type\":\"SearchAction\",\"target\":{\"@type\":\"EntryPoint\",\"urlTemplate\":\"https:\\\/\\\/www.kmkengineers.com\\\/?s={search_term_string}\"},\"query-input\":{\"@type\":\"PropertyValueSpecification\",\"valueRequired\":true,\"valueName\":\"search_term_string\"}}],\"inLanguage\":\"fr-FR\"},{\"@type\":\"Organization\",\"@id\":\"https:\\\/\\\/www.kmkengineers.com\\\/#organization\",\"name\":\"KMK Consulting Engineers\",\"url\":\"https:\\\/\\\/www.kmkengineers.com\\\/\",\"logo\":{\"@type\":\"ImageObject\",\"inLanguage\":\"fr-FR\",\"@id\":\"https:\\\/\\\/www.kmkengineers.com\\\/#\\\/schema\\\/logo\\\/image\\\/\",\"url\":\"https:\\\/\\\/www.kmkengineers.com\\\/wp-content\\\/uploads\\\/2021\\\/09\\\/KMK-Logo-Green.png\",\"contentUrl\":\"https:\\\/\\\/www.kmkengineers.com\\\/wp-content\\\/uploads\\\/2021\\\/09\\\/KMK-Logo-Green.png\",\"width\":1000,\"height\":420,\"caption\":\"KMK Consulting Engineers\"},\"image\":{\"@id\":\"https:\\\/\\\/www.kmkengineers.com\\\/#\\\/schema\\\/logo\\\/image\\\/\"},\"sameAs\":[\"https:\\\/\\\/www.linkedin.com\\\/company\\\/kmk-consulting-engineers\"]}]}<\/script>\n<!-- \/ Yoast SEO Premium plugin. -->","yoast_head_json":{"title":"Politique de confidentialit\u00e9 - KMK Consulting Engineers, Bristol","description":"Cette politique de confidentialit\u00e9 r\u00e9git la mani\u00e8re dont KMK Consulting Engineers recueille, utilise, conserve et divulgue les informations.","robots":{"index":"index","follow":"follow","max-snippet":"max-snippet:-1","max-image-preview":"max-image-preview:large","max-video-preview":"max-video-preview:-1"},"canonical":"https:\/\/www.kmkengineers.com\/fr\/politique-de-confidentialite\/","og_locale":"fr_FR","og_type":"article","og_title":"Privacy","og_description":"This Privacy Policy governs the manner in which KMK Consulting Engineers collects, uses, maintains and discloses information","og_url":"https:\/\/www.kmkengineers.com\/fr\/politique-de-confidentialite\/","og_site_name":"KMK Consulting Engineers","article_modified_time":"2020-08-07T11:33:06+00:00","twitter_card":"summary_large_image","twitter_misc":{"Dur\u00e9e de lecture estim\u00e9e":"8 minutes"},"schema":{"@context":"https:\/\/schema.org","@graph":[{"@type":"WebPage","@id":"https:\/\/www.kmkengineers.com\/privacy-policy\/","url":"https:\/\/www.kmkengineers.com\/privacy-policy\/","name":"Politique de confidentialit\u00e9 - KMK Consulting Engineers, Bristol","isPartOf":{"@id":"https:\/\/www.kmkengineers.com\/#website"},"datePublished":"2018-11-22T13:50:02+00:00","dateModified":"2020-08-07T11:33:06+00:00","description":"Cette politique de confidentialit\u00e9 r\u00e9git la mani\u00e8re dont KMK Consulting Engineers recueille, utilise, conserve et divulgue les informations.","breadcrumb":{"@id":"https:\/\/www.kmkengineers.com\/privacy-policy\/#breadcrumb"},"inLanguage":"fr-FR","potentialAction":[{"@type":"ReadAction","target":["https:\/\/www.kmkengineers.com\/privacy-policy\/"]}]},{"@type":"BreadcrumbList","@id":"https:\/\/www.kmkengineers.com\/privacy-policy\/#breadcrumb","itemListElement":[{"@type":"ListItem","position":1,"name":"Home","item":"https:\/\/www.kmkengineers.com\/"},{"@type":"ListItem","position":2,"name":"Privacy"}]},{"@type":"WebSite","@id":"https:\/\/www.kmkengineers.com\/#website","url":"https:\/\/www.kmkengineers.com\/","name":"KMK Ing\u00e9nieurs-conseils","description":"Exp\u00e9rience | Assurance | Qualit\u00e9","publisher":{"@id":"https:\/\/www.kmkengineers.com\/#organization"},"potentialAction":[{"@type":"SearchAction","target":{"@type":"EntryPoint","urlTemplate":"https:\/\/www.kmkengineers.com\/?s={search_term_string}"},"query-input":{"@type":"PropertyValueSpecification","valueRequired":true,"valueName":"search_term_string"}}],"inLanguage":"fr-FR"},{"@type":"Organization","@id":"https:\/\/www.kmkengineers.com\/#organization","name":"KMK Ing\u00e9nieurs-conseils","url":"https:\/\/www.kmkengineers.com\/","logo":{"@type":"ImageObject","inLanguage":"fr-FR","@id":"https:\/\/www.kmkengineers.com\/#\/schema\/logo\/image\/","url":"https:\/\/www.kmkengineers.com\/wp-content\/uploads\/2021\/09\/KMK-Logo-Green.png","contentUrl":"https:\/\/www.kmkengineers.com\/wp-content\/uploads\/2021\/09\/KMK-Logo-Green.png","width":1000,"height":420,"caption":"KMK Consulting Engineers"},"image":{"@id":"https:\/\/www.kmkengineers.com\/#\/schema\/logo\/image\/"},"sameAs":["https:\/\/www.linkedin.com\/company\/kmk-consulting-engineers"]}]}},"_links":{"self":[{"href":"https:\/\/www.kmkengineers.com\/fr\/wp-json\/wp\/v2\/pages\/3","targetHints":{"allow":["GET"]}}],"collection":[{"href":"https:\/\/www.kmkengineers.com\/fr\/wp-json\/wp\/v2\/pages"}],"about":[{"href":"https:\/\/www.kmkengineers.com\/fr\/wp-json\/wp\/v2\/types\/page"}],"author":[{"embeddable":true,"href":"https:\/\/www.kmkengineers.com\/fr\/wp-json\/wp\/v2\/users\/1"}],"replies":[{"embeddable":true,"href":"https:\/\/www.kmkengineers.com\/fr\/wp-json\/wp\/v2\/comments?post=3"}],"version-history":[{"count":14,"href":"https:\/\/www.kmkengineers.com\/fr\/wp-json\/wp\/v2\/pages\/3\/revisions"}],"predecessor-version":[{"id":842,"href":"https:\/\/www.kmkengineers.com\/fr\/wp-json\/wp\/v2\/pages\/3\/revisions\/842"}],"wp:attachment":[{"href":"https:\/\/www.kmkengineers.com\/fr\/wp-json\/wp\/v2\/media?parent=3"}],"curies":[{"name":"wp","href":"https:\/\/api.w.org\/{rel}","templated":true}]}}