{"id":3,"date":"2018-11-22T13:50:02","date_gmt":"2018-11-22T13:50:02","guid":{"rendered":"http:\/\/www.kmkengineers.com\/?page_id=3"},"modified":"2020-08-07T12:33:06","modified_gmt":"2020-08-07T11:33:06","slug":"chinh-sach-bao-mat","status":"publish","type":"page","link":"https:\/\/www.kmkengineers.com\/vi\/privacy-policy\/","title":{"rendered":"S\u1ef1 ri\u00eang t\u01b0"},"content":{"rendered":"<p><div class=\"fusion-fullwidth fullwidth-box fusion-builder-row-1 nonhundred-percent-fullwidth non-hundred-percent-height-scrolling\" style=\"--awb-border-radius-top-left:0px;--awb-border-radius-top-right:0px;--awb-border-radius-bottom-right:0px;--awb-border-radius-bottom-left:0px;--awb-flex-wrap:wrap;\" ><div class=\"fusion-builder-row fusion-row\"><div class=\"fusion-layout-column fusion_builder_column fusion-builder-column-0 fusion_builder_column_1_1 1_1 fusion-one-full fusion-column-first fusion-column-last\" style=\"--awb-padding-top:20px;--awb-padding-bottom:20px;--awb-bg-size:cover;\"><div class=\"fusion-column-wrapper fusion-column-has-shadow fusion-flex-column-wrapper-legacy\"><div class=\"fusion-clearfix\"><\/div><\/div><\/div><\/div><\/div><div class=\"fusion-fullwidth fullwidth-box fusion-builder-row-2 nonhundred-percent-fullwidth non-hundred-percent-height-scrolling\" style=\"--awb-border-radius-top-left:0px;--awb-border-radius-top-right:0px;--awb-border-radius-bottom-right:0px;--awb-border-radius-bottom-left:0px;--awb-flex-wrap:wrap;\" ><div class=\"fusion-builder-row fusion-row\"><div class=\"fusion-layout-column fusion_builder_column fusion-builder-column-1 fusion_builder_column_1_3 1_3 fusion-one-third fusion-column-first\" style=\"--awb-bg-size:cover;--awb-margin-bottom:0px;width:30.6666%; margin-right: 4%;\"><div class=\"fusion-column-wrapper fusion-flex-column-wrapper-legacy\"><div class=\"fusion-text fusion-text-1\"><h2><span style=\"color: #457181;\">Ch\u00ednh s\u00e1ch b\u1ea3o m\u1eadt v\u00e0 cookie<\/span><\/h2>\n<\/div><div class=\"fusion-sep-clear\"><\/div><div class=\"fusion-separator fusion-clearfix\" style=\"float:left;margin-bottom:35px;width:100%;max-width:170px;\"><div class=\"fusion-separator-border sep-single sep-solid\" style=\"--awb-height:20px;--awb-amount:20px;--awb-sep-color:rgba(69,113,129,0.58);border-color:rgba(69,113,129,0.58);border-top-width:3px;\"><\/div><\/div><div class=\"fusion-sep-clear\"><\/div><div class=\"fusion-clearfix\"><\/div><\/div><\/div><div class=\"fusion-layout-column fusion_builder_column fusion-builder-column-2 fusion_builder_column_2_3 2_3 fusion-two-third fusion-column-last\" style=\"--awb-bg-size:cover;--awb-margin-bottom:0px;width:65.3333%;\"><div class=\"fusion-column-wrapper fusion-flex-column-wrapper-legacy\"><div class=\"fusion-text fusion-text-2\"><div class=\"\">\n<p>Ch\u00ednh s\u00e1ch b\u1ea3o m\u1eadt n\u00e0y qu\u1ea3n l\u00fd c\u00e1ch th\u1ee9c KMK Consulting Engineers thu th\u1eadp, s\u1eed d\u1ee5ng, duy tr\u00ec v\u00e0 ti\u1ebft l\u1ed9 th\u00f4ng tin thu th\u1eadp \u0111\u01b0\u1ee3c t\u1eeb ng\u01b0\u1eddi d\u00f9ng (m\u1ed7i ng\u01b0\u1eddi d\u00f9ng \u0111\u01b0\u1ee3c g\u1ecdi l\u00e0 \u201cNg\u01b0\u1eddi d\u00f9ng\u201d) c\u1ee7a <a href=\"http:\/\/www.kmkengineers.com\/vi\/\">http:\/\/www.kmkengineers.com<\/a>\u00a0(\u201cTrang web\u201d). Ch\u00ednh s\u00e1ch b\u1ea3o m\u1eadt n\u00e0y \u00e1p d\u1ee5ng cho Trang web v\u00e0 t\u1ea5t c\u1ea3 c\u00e1c s\u1ea3n ph\u1ea9m v\u00e0 d\u1ecbch v\u1ee5 do KMK Consulting Engineers cung c\u1ea5p.<\/p>\n<p><b class=\"\">Th\u00f4ng tin nh\u1eadn d\u1ea1ng c\u00e1 nh\u00e2n<\/b><br class=\"\" \/>Ch\u00fang t\u00f4i c\u00f3 th\u1ec3 thu th\u1eadp th\u00f4ng tin nh\u1eadn d\u1ea1ng c\u00e1 nh\u00e2n t\u1eeb Ng\u01b0\u1eddi d\u00f9ng theo nhi\u1ec1u c\u00e1ch, bao g\u1ed3m nh\u01b0ng kh\u00f4ng gi\u1edbi h\u1ea1n \u1edf vi\u1ec7c Ng\u01b0\u1eddi d\u00f9ng truy c\u1eadp trang web c\u1ee7a ch\u00fang t\u00f4i, \u0111\u0103ng k\u00fd nh\u1eadn b\u1ea3n tin, \u0111i\u1ec1n v\u00e0o bi\u1ec3u m\u1eabu v\u00e0 li\u00ean quan \u0111\u1ebfn c\u00e1c ho\u1ea1t \u0111\u1ed9ng, d\u1ecbch v\u1ee5, t\u00ednh n\u0103ng ho\u1eb7c t\u00e0i nguy\u00ean kh\u00e1c m\u00e0 ch\u00fang t\u00f4i cung c\u1ea5p tr\u00ean Trang web. Ng\u01b0\u1eddi d\u00f9ng c\u00f3 th\u1ec3 \u0111\u01b0\u1ee3c y\u00eau c\u1ea7u cung c\u1ea5p t\u00ean, \u0111\u1ecba ch\u1ec9 email, \u0111\u1ecba ch\u1ec9 g\u1eedi th\u01b0, s\u1ed1 \u0111i\u1ec7n tho\u1ea1i, t\u00f9y theo tr\u01b0\u1eddng h\u1ee3p.<br class=\"\" \/><br class=\"\" \/>Ch\u00fang t\u00f4i ch\u1ec9 thu th\u1eadp th\u00f4ng tin nh\u1eadn d\u1ea1ng c\u00e1 nh\u00e2n t\u1eeb Ng\u01b0\u1eddi d\u00f9ng n\u1ebfu h\u1ecd t\u1ef1 nguy\u1ec7n cung c\u1ea5p th\u00f4ng tin \u0111\u00f3 cho ch\u00fang t\u00f4i. Ng\u01b0\u1eddi d\u00f9ng lu\u00f4n c\u00f3 th\u1ec3 t\u1eeb ch\u1ed1i cung c\u1ea5p th\u00f4ng tin nh\u1eadn d\u1ea1ng c\u00e1 nh\u00e2n, ngo\u1ea1i tr\u1eeb tr\u01b0\u1eddng h\u1ee3p vi\u1ec7c n\u00e0y c\u00f3 th\u1ec3 ng\u0103n c\u1ea3n h\u1ecd tham gia v\u00e0o m\u1ed9t s\u1ed1 ho\u1ea1t \u0111\u1ed9ng li\u00ean quan \u0111\u1ebfn Trang web.<br class=\"\" \/><br class=\"\" \/><b class=\"\">Th\u00f4ng tin nh\u1eadn d\u1ea1ng phi c\u00e1 nh\u00e2n<\/b><br class=\"\" \/>Ch\u00fang t\u00f4i c\u00f3 th\u1ec3 thu th\u1eadp th\u00f4ng tin nh\u1eadn d\u1ea1ng phi c\u00e1 nh\u00e2n v\u1ec1 Ng\u01b0\u1eddi d\u00f9ng b\u1ea5t c\u1ee9 khi n\u00e0o h\u1ecd t\u01b0\u01a1ng t\u00e1c v\u1edbi Trang web c\u1ee7a ch\u00fang t\u00f4i. Th\u00f4ng tin nh\u1eadn d\u1ea1ng phi c\u00e1 nh\u00e2n c\u00f3 th\u1ec3 bao g\u1ed3m t\u00ean tr\u00ecnh duy\u1ec7t, lo\u1ea1i m\u00e1y t\u00ednh v\u00e0 th\u00f4ng tin k\u1ef9 thu\u1eadt v\u1ec1 ph\u01b0\u01a1ng ti\u1ec7n k\u1ebft n\u1ed1i c\u1ee7a Ng\u01b0\u1eddi d\u00f9ng v\u1edbi Trang web c\u1ee7a ch\u00fang t\u00f4i, ch\u1eb3ng h\u1ea1n nh\u01b0 h\u1ec7 \u0111i\u1ec1u h\u00e0nh v\u00e0 nh\u00e0 cung c\u1ea5p d\u1ecbch v\u1ee5 Internet \u0111\u01b0\u1ee3c s\u1eed d\u1ee5ng, c\u00f9ng c\u00e1c th\u00f4ng tin t\u01b0\u01a1ng t\u1ef1 kh\u00e1c.<br class=\"\" \/><br class=\"\" \/><b class=\"\">Cookie tr\u00ecnh duy\u1ec7t web<\/b><br class=\"\" \/>Trang web c\u1ee7a ch\u00fang t\u00f4i c\u00f3 th\u1ec3 s\u1eed d\u1ee5ng &quot;cookie&quot; \u0111\u1ec3 n\u00e2ng cao tr\u1ea3i nghi\u1ec7m ng\u01b0\u1eddi d\u00f9ng. Tr\u00ecnh duy\u1ec7t web c\u1ee7a ng\u01b0\u1eddi d\u00f9ng \u0111\u1eb7t cookie tr\u00ean \u1ed5 c\u1ee9ng c\u1ee7a h\u1ecd cho m\u1ee5c \u0111\u00edch l\u01b0u tr\u1eef h\u1ed3 s\u01a1 v\u00e0 \u0111\u00f4i khi \u0111\u1ec3 theo d\u00f5i th\u00f4ng tin v\u1ec1 h\u1ecd. Ng\u01b0\u1eddi d\u00f9ng c\u00f3 th\u1ec3 ch\u1ecdn c\u00e0i \u0111\u1eb7t tr\u00ecnh duy\u1ec7t web \u0111\u1ec3 t\u1eeb ch\u1ed1i cookie ho\u1eb7c th\u00f4ng b\u00e1o cho b\u1ea1n khi cookie \u0111\u01b0\u1ee3c g\u1eedi. N\u1ebfu h\u1ecd l\u00e0m nh\u01b0 v\u1eady, xin l\u01b0u \u00fd r\u1eb1ng m\u1ed9t s\u1ed1 ph\u1ea7n c\u1ee7a Trang web c\u00f3 th\u1ec3 kh\u00f4ng ho\u1ea1t \u0111\u1ed9ng b\u00ecnh th\u01b0\u1eddng.<br class=\"\" \/><br class=\"\" \/><b class=\"\">Ch\u00fang t\u00f4i s\u1eed d\u1ee5ng th\u00f4ng tin thu th\u1eadp \u0111\u01b0\u1ee3c nh\u01b0 th\u1ebf n\u00e0o<\/b><\/p>\n<ul>\n<li>\u0110\u1ec3 c\u00e1 nh\u00e2n h\u00f3a tr\u1ea3i nghi\u1ec7m ng\u01b0\u1eddi d\u00f9ng. Ch\u00fang t\u00f4i c\u00f3 th\u1ec3 s\u1eed d\u1ee5ng th\u00f4ng tin t\u1ed5ng h\u1ee3p \u0111\u1ec3 hi\u1ec3u c\u00e1ch Ng\u01b0\u1eddi d\u00f9ng c\u1ee7a ch\u00fang t\u00f4i, v\u1edbi t\u01b0 c\u00e1ch l\u00e0 m\u1ed9t nh\u00f3m, s\u1eed d\u1ee5ng c\u00e1c d\u1ecbch v\u1ee5 v\u00e0 t\u00e0i nguy\u00ean \u0111\u01b0\u1ee3c cung c\u1ea5p tr\u00ean Trang web c\u1ee7a ch\u00fang t\u00f4i.<\/li>\n<li>G\u1eedi email \u0111\u1ecbnh k\u1ef3. \u0110\u1ecba ch\u1ec9 email do Ng\u01b0\u1eddi d\u00f9ng cung c\u1ea5p s\u1ebd ch\u1ec9 \u0111\u01b0\u1ee3c s\u1eed d\u1ee5ng \u0111\u1ec3 tr\u1ea3 l\u1eddi c\u00e1c c\u00e2u h\u1ecfi, th\u1eafc m\u1eafc v\u00e0\/ho\u1eb7c c\u00e1c y\u00eau c\u1ea7u ho\u1eb7c c\u00e2u h\u1ecfi kh\u00e1c c\u1ee7a Ng\u01b0\u1eddi d\u00f9ng. N\u1ebfu Ng\u01b0\u1eddi d\u00f9ng quy\u1ebft \u0111\u1ecbnh tham gia danh s\u00e1ch g\u1eedi th\u01b0 c\u1ee7a ch\u00fang t\u00f4i, h\u1ecd s\u1ebd nh\u1eadn \u0111\u01b0\u1ee3c email c\u00f3 th\u1ec3 bao g\u1ed3m tin t\u1ee9c c\u00f4ng ty, c\u1eadp nh\u1eadt, th\u00f4ng tin s\u1ea3n ph\u1ea9m ho\u1eb7c d\u1ecbch v\u1ee5 li\u00ean quan, v.v. N\u1ebfu b\u1ea5t k\u1ef3 l\u00fac n\u00e0o Ng\u01b0\u1eddi d\u00f9ng mu\u1ed1n h\u1ee7y \u0111\u0103ng k\u00fd nh\u1eadn email trong t\u01b0\u01a1ng lai, ch\u00fang t\u00f4i s\u1ebd bao g\u1ed3m h\u01b0\u1edbng d\u1eabn h\u1ee7y \u0111\u0103ng k\u00fd chi ti\u1ebft \u1edf cu\u1ed1i m\u1ed7i email.<\/li>\n<\/ul>\n<\/div>\n<p><b class=\"\">C\u00e1ch ch\u00fang t\u00f4i b\u1ea3o v\u1ec7 th\u00f4ng tin c\u1ee7a b\u1ea1n<\/b><br class=\"\" \/>Ch\u00fang t\u00f4i \u00e1p d\u1ee5ng c\u00e1c bi\u1ec7n ph\u00e1p thu th\u1eadp, l\u01b0u tr\u1eef v\u00e0 x\u1eed l\u00fd d\u1eef li\u1ec7u ph\u00f9 h\u1ee3p c\u0169ng nh\u01b0 c\u00e1c bi\u1ec7n ph\u00e1p b\u1ea3o m\u1eadt \u0111\u1ec3 b\u1ea3o v\u1ec7 th\u00f4ng tin c\u00e1 nh\u00e2n v\u00e0 d\u1eef li\u1ec7u c\u1ee7a b\u1ea1n \u0111\u01b0\u1ee3c l\u01b0u tr\u1eef tr\u00ean Trang web c\u1ee7a ch\u00fang t\u00f4i kh\u1ecfi vi\u1ec7c truy c\u1eadp, thay \u0111\u1ed5i, ti\u1ebft l\u1ed9 ho\u1eb7c ph\u00e1 h\u1ee7y tr\u00e1i ph\u00e9p.<br class=\"\" \/><br class=\"\" \/><b class=\"\">Chia s\u1ebb th\u00f4ng tin c\u00e1 nh\u00e2n c\u1ee7a b\u1ea1n<\/b><br class=\"\" \/>Ch\u00fang t\u00f4i kh\u00f4ng b\u00e1n, trao \u0111\u1ed5i ho\u1eb7c cho thu\u00ea th\u00f4ng tin nh\u1eadn d\u1ea1ng c\u00e1 nh\u00e2n c\u1ee7a Ng\u01b0\u1eddi d\u00f9ng cho b\u00ean th\u1ee9 ba. Ch\u00fang t\u00f4i c\u00f3 th\u1ec3 chia s\u1ebb th\u00f4ng tin nh\u00e2n kh\u1ea9u h\u1ecdc t\u1ed5ng h\u1ee3p chung, kh\u00f4ng li\u00ean quan \u0111\u1ebfn b\u1ea5t k\u1ef3 th\u00f4ng tin nh\u1eadn d\u1ea1ng c\u00e1 nh\u00e2n n\u00e0o li\u00ean quan \u0111\u1ebfn kh\u00e1ch truy c\u1eadp v\u00e0 ng\u01b0\u1eddi d\u00f9ng v\u1edbi c\u00e1c \u0111\u1ed1i t\u00e1c kinh doanh, chi nh\u00e1nh \u0111\u00e1ng tin c\u1eady v\u00e0 nh\u00e0 qu\u1ea3ng c\u00e1o c\u1ee7a ch\u00fang t\u00f4i cho c\u00e1c m\u1ee5c \u0111\u00edch n\u00eau tr\u00ean. Ch\u00fang t\u00f4i c\u00f3 th\u1ec3 s\u1eed d\u1ee5ng c\u00e1c nh\u00e0 cung c\u1ea5p d\u1ecbch v\u1ee5 b\u00ean th\u1ee9 ba \u0111\u1ec3 h\u1ed7 tr\u1ee3 ch\u00fang t\u00f4i v\u1eadn h\u00e0nh doanh nghi\u1ec7p v\u00e0 Trang web ho\u1eb7c qu\u1ea3n l\u00fd c\u00e1c ho\u1ea1t \u0111\u1ed9ng thay m\u1eb7t ch\u00fang t\u00f4i, ch\u1eb3ng h\u1ea1n nh\u01b0 g\u1eedi b\u1ea3n tin ho\u1eb7c kh\u1ea3o s\u00e1t. Ch\u00fang t\u00f4i c\u00f3 th\u1ec3 chia s\u1ebb th\u00f4ng tin c\u1ee7a b\u1ea1n v\u1edbi c\u00e1c b\u00ean th\u1ee9 ba n\u00e0y cho c\u00e1c m\u1ee5c \u0111\u00edch h\u1ea1n ch\u1ebf \u0111\u00f3, mi\u1ec5n l\u00e0 b\u1ea1n \u0111\u00e3 cho ph\u00e9p ch\u00fang t\u00f4i.<br class=\"\" \/><br class=\"\" \/><b class=\"\">C\u00e1c trang web c\u1ee7a b\u00ean th\u1ee9 ba<\/b><br class=\"\" \/>Ng\u01b0\u1eddi d\u00f9ng c\u00f3 th\u1ec3 t\u00ecm th\u1ea5y qu\u1ea3ng c\u00e1o ho\u1eb7c n\u1ed9i dung kh\u00e1c tr\u00ean Trang web c\u1ee7a ch\u00fang t\u00f4i li\u00ean k\u1ebft \u0111\u1ebfn c\u00e1c trang web v\u00e0 d\u1ecbch v\u1ee5 c\u1ee7a \u0111\u1ed1i t\u00e1c, nh\u00e0 cung c\u1ea5p, nh\u00e0 qu\u1ea3ng c\u00e1o, nh\u00e0 t\u00e0i tr\u1ee3, b\u00ean c\u1ea5p ph\u00e9p v\u00e0 c\u00e1c b\u00ean th\u1ee9 ba kh\u00e1c. Ch\u00fang t\u00f4i kh\u00f4ng ki\u1ec3m so\u00e1t n\u1ed9i dung ho\u1eb7c li\u00ean k\u1ebft xu\u1ea5t hi\u1ec7n tr\u00ean c\u00e1c trang web n\u00e0y v\u00e0 kh\u00f4ng ch\u1ecbu tr\u00e1ch nhi\u1ec7m v\u1ec1 c\u00e1c ho\u1ea1t \u0111\u1ed9ng \u0111\u01b0\u1ee3c s\u1eed d\u1ee5ng b\u1edfi c\u00e1c trang web \u0111\u01b0\u1ee3c li\u00ean k\u1ebft \u0111\u1ebfn ho\u1eb7c t\u1eeb Trang web c\u1ee7a ch\u00fang t\u00f4i. Ngo\u00e0i ra, c\u00e1c trang web ho\u1eb7c d\u1ecbch v\u1ee5 n\u00e0y, bao g\u1ed3m c\u1ea3 n\u1ed9i dung v\u00e0 li\u00ean k\u1ebft c\u1ee7a ch\u00fang, c\u00f3 th\u1ec3 li\u00ean t\u1ee5c thay \u0111\u1ed5i. C\u00e1c trang web v\u00e0 d\u1ecbch v\u1ee5 n\u00e0y c\u00f3 th\u1ec3 c\u00f3 ch\u00ednh s\u00e1ch b\u1ea3o m\u1eadt v\u00e0 ch\u00ednh s\u00e1ch d\u1ecbch v\u1ee5 kh\u00e1ch h\u00e0ng ri\u00eang. Vi\u1ec7c duy\u1ec7t v\u00e0 t\u01b0\u01a1ng t\u00e1c tr\u00ean b\u1ea5t k\u1ef3 trang web n\u00e0o kh\u00e1c, bao g\u1ed3m c\u1ea3 c\u00e1c trang web c\u00f3 li\u00ean k\u1ebft \u0111\u1ebfn Trang web c\u1ee7a ch\u00fang t\u00f4i, \u0111\u1ec1u ph\u1ea3i tu\u00e2n theo c\u00e1c \u0111i\u1ec1u kho\u1ea3n v\u00e0 ch\u00ednh s\u00e1ch ri\u00eang c\u1ee7a trang web \u0111\u00f3.<br class=\"\" \/><br class=\"\" \/><b class=\"\">Nh\u1eefng thay \u0111\u1ed5i \u0111\u1ed1i v\u1edbi ch\u00ednh s\u00e1ch b\u1ea3o m\u1eadt n\u00e0y<\/b><br class=\"\" \/>KMK Consulting Engineers c\u00f3 to\u00e0n quy\u1ec1n c\u1eadp nh\u1eadt ch\u00ednh s\u00e1ch b\u1ea3o m\u1eadt n\u00e0y b\u1ea5t c\u1ee9 l\u00fac n\u00e0o. Khi c\u1eadp nh\u1eadt, ch\u00fang t\u00f4i s\u1ebd s\u1eeda \u0111\u1ed5i ng\u00e0y c\u1eadp nh\u1eadt \u1edf cu\u1ed1i trang n\u00e0y. Ch\u00fang t\u00f4i khuy\u1ebfn kh\u00edch Ng\u01b0\u1eddi d\u00f9ng th\u01b0\u1eddng xuy\u00ean ki\u1ec3m tra trang n\u00e0y \u0111\u1ec3 bi\u1ebft b\u1ea5t k\u1ef3 thay \u0111\u1ed5i n\u00e0o nh\u1eb1m n\u1eafm b\u1eaft th\u00f4ng tin v\u1ec1 c\u00e1ch ch\u00fang t\u00f4i \u0111ang h\u1ed7 tr\u1ee3 b\u1ea3o v\u1ec7 th\u00f4ng tin c\u00e1 nh\u00e2n m\u00e0 ch\u00fang t\u00f4i thu th\u1eadp. B\u1ea1n th\u1eeba nh\u1eadn v\u00e0 \u0111\u1ed3ng \u00fd r\u1eb1ng b\u1ea1n c\u00f3 tr\u00e1ch nhi\u1ec7m xem x\u00e9t ch\u00ednh s\u00e1ch b\u1ea3o m\u1eadt n\u00e0y \u0111\u1ecbnh k\u1ef3 v\u00e0 n\u1eafm r\u00f5 c\u00e1c s\u1eeda \u0111\u1ed5i.<br class=\"\" \/><br class=\"\" \/><b class=\"\">S\u1ef1 ch\u1ea5p nh\u1eadn c\u1ee7a b\u1ea1n \u0111\u1ed1i v\u1edbi c\u00e1c \u0111i\u1ec1u kho\u1ea3n n\u00e0y<\/b><br class=\"\" \/>B\u1eb1ng vi\u1ec7c s\u1eed d\u1ee5ng Trang web n\u00e0y, b\u1ea1n \u0111\u1ed3ng \u00fd v\u1edbi ch\u00ednh s\u00e1ch n\u00e0y. N\u1ebfu b\u1ea1n kh\u00f4ng \u0111\u1ed3ng \u00fd v\u1edbi ch\u00ednh s\u00e1ch n\u00e0y, vui l\u00f2ng kh\u00f4ng s\u1eed d\u1ee5ng Trang web c\u1ee7a ch\u00fang t\u00f4i. Vi\u1ec7c b\u1ea1n ti\u1ebfp t\u1ee5c s\u1eed d\u1ee5ng Trang web sau khi ch\u00ednh s\u00e1ch n\u00e0y \u0111\u01b0\u1ee3c \u0111\u0103ng t\u1ea3i s\u1ebd \u0111\u01b0\u1ee3c coi l\u00e0 b\u1ea1n ch\u1ea5p nh\u1eadn nh\u1eefng thay \u0111\u1ed5i \u0111\u00f3.<br class=\"\" \/><br class=\"\" \/><b class=\"\">Li\u00ean h\u1ec7 v\u1edbi ch\u00fang t\u00f4i<\/b><br class=\"\" \/>N\u1ebfu b\u1ea1n c\u00f3 b\u1ea5t k\u1ef3 c\u00e2u h\u1ecfi n\u00e0o v\u1ec1 Ch\u00ednh s\u00e1ch b\u1ea3o m\u1eadt n\u00e0y, c\u00e1c ho\u1ea1t \u0111\u1ed9ng c\u1ee7a trang web n\u00e0y ho\u1eb7c giao d\u1ecbch c\u1ee7a b\u1ea1n v\u1edbi trang web n\u00e0y, vui l\u00f2ng li\u00ean h\u1ec7 v\u1edbi ch\u00fang t\u00f4i t\u1ea1i:<br \/>\n<br class=\"\" \/><strong>K\u1ef9 s\u01b0 t\u01b0 v\u1ea5n KMK<br \/>\n<\/strong>Future Space, C\u1ed5ng B\u1eafc UWE, \u0110\u01b0\u1eddng Filton,<br \/>\nStoke Gifford, Bristol BS34 8QZ<\/p>\n<p>\u0110T: +44 (0)1174 285740<br \/>\nE: <a href=\"mailto:info@kmkengineers.com\">info@kmkengineers.com<\/a><\/p>\n<p>T\u00e0i li\u1ec7u n\u00e0y \u0111\u01b0\u1ee3c c\u1eadp nh\u1eadt l\u1ea7n cu\u1ed1i v\u00e0o th\u00e1ng 8 n\u0103m 2020<\/p>\n<\/div><div class=\"fusion-clearfix\"><\/div><\/div><\/div><\/div><\/div><\/p>","protected":false},"excerpt":{"rendered":"","protected":false},"author":1,"featured_media":0,"parent":0,"menu_order":5,"comment_status":"closed","ping_status":"closed","template":"","meta":{"footnotes":""},"class_list":["post-3","page","type-page","status-publish","hentry"],"yoast_head":"<!-- This site is optimized with the Yoast SEO Premium plugin v27.1 (Yoast SEO v27.6) - https:\/\/yoast.com\/product\/yoast-seo-premium-wordpress\/ -->\n<title>Privacy Policy | KMK Consulting Engineers, Bristol<\/title>\n<meta name=\"description\" content=\"This Privacy Policy governs the manner in which KMK Consulting Engineers collects, uses, maintains and discloses information\" \/>\n<meta name=\"robots\" content=\"index, follow, max-snippet:-1, max-image-preview:large, max-video-preview:-1\" \/>\n<link rel=\"canonical\" href=\"https:\/\/www.kmkengineers.com\/vi\/chinh-sach-bao-mat\/\" \/>\n<meta property=\"og:locale\" content=\"vi_VN\" \/>\n<meta property=\"og:type\" content=\"article\" \/>\n<meta property=\"og:title\" content=\"Privacy\" \/>\n<meta property=\"og:description\" content=\"This Privacy Policy governs the manner in which KMK Consulting Engineers collects, uses, maintains and discloses information\" \/>\n<meta property=\"og:url\" content=\"https:\/\/www.kmkengineers.com\/vi\/chinh-sach-bao-mat\/\" \/>\n<meta property=\"og:site_name\" content=\"KMK Consulting Engineers\" \/>\n<meta property=\"article:modified_time\" content=\"2020-08-07T11:33:06+00:00\" \/>\n<meta name=\"twitter:card\" content=\"summary_large_image\" \/>\n<meta name=\"twitter:label1\" content=\"\u01af\u1edbc t\u00ednh th\u1eddi gian \u0111\u1ecdc\" \/>\n\t<meta name=\"twitter:data1\" content=\"8 ph\u00fat\" \/>\n<script type=\"application\/ld+json\" class=\"yoast-schema-graph\">{\"@context\":\"https:\\\/\\\/schema.org\",\"@graph\":[{\"@type\":\"WebPage\",\"@id\":\"https:\\\/\\\/www.kmkengineers.com\\\/privacy-policy\\\/\",\"url\":\"https:\\\/\\\/www.kmkengineers.com\\\/privacy-policy\\\/\",\"name\":\"Privacy Policy | KMK Consulting Engineers, Bristol\",\"isPartOf\":{\"@id\":\"https:\\\/\\\/www.kmkengineers.com\\\/#website\"},\"datePublished\":\"2018-11-22T13:50:02+00:00\",\"dateModified\":\"2020-08-07T11:33:06+00:00\",\"description\":\"This Privacy Policy governs the manner in which KMK Consulting Engineers collects, uses, maintains and discloses information\",\"breadcrumb\":{\"@id\":\"https:\\\/\\\/www.kmkengineers.com\\\/privacy-policy\\\/#breadcrumb\"},\"inLanguage\":\"vi\",\"potentialAction\":[{\"@type\":\"ReadAction\",\"target\":[\"https:\\\/\\\/www.kmkengineers.com\\\/privacy-policy\\\/\"]}]},{\"@type\":\"BreadcrumbList\",\"@id\":\"https:\\\/\\\/www.kmkengineers.com\\\/privacy-policy\\\/#breadcrumb\",\"itemListElement\":[{\"@type\":\"ListItem\",\"position\":1,\"name\":\"Home\",\"item\":\"https:\\\/\\\/www.kmkengineers.com\\\/\"},{\"@type\":\"ListItem\",\"position\":2,\"name\":\"Privacy\"}]},{\"@type\":\"WebSite\",\"@id\":\"https:\\\/\\\/www.kmkengineers.com\\\/#website\",\"url\":\"https:\\\/\\\/www.kmkengineers.com\\\/\",\"name\":\"KMK Consulting Engineers\",\"description\":\"Experience | Assurance | Quality\",\"publisher\":{\"@id\":\"https:\\\/\\\/www.kmkengineers.com\\\/#organization\"},\"potentialAction\":[{\"@type\":\"SearchAction\",\"target\":{\"@type\":\"EntryPoint\",\"urlTemplate\":\"https:\\\/\\\/www.kmkengineers.com\\\/?s={search_term_string}\"},\"query-input\":{\"@type\":\"PropertyValueSpecification\",\"valueRequired\":true,\"valueName\":\"search_term_string\"}}],\"inLanguage\":\"vi\"},{\"@type\":\"Organization\",\"@id\":\"https:\\\/\\\/www.kmkengineers.com\\\/#organization\",\"name\":\"KMK Consulting Engineers\",\"url\":\"https:\\\/\\\/www.kmkengineers.com\\\/\",\"logo\":{\"@type\":\"ImageObject\",\"inLanguage\":\"vi\",\"@id\":\"https:\\\/\\\/www.kmkengineers.com\\\/#\\\/schema\\\/logo\\\/image\\\/\",\"url\":\"https:\\\/\\\/www.kmkengineers.com\\\/wp-content\\\/uploads\\\/2021\\\/09\\\/KMK-Logo-Green.png\",\"contentUrl\":\"https:\\\/\\\/www.kmkengineers.com\\\/wp-content\\\/uploads\\\/2021\\\/09\\\/KMK-Logo-Green.png\",\"width\":1000,\"height\":420,\"caption\":\"KMK Consulting Engineers\"},\"image\":{\"@id\":\"https:\\\/\\\/www.kmkengineers.com\\\/#\\\/schema\\\/logo\\\/image\\\/\"},\"sameAs\":[\"https:\\\/\\\/www.linkedin.com\\\/company\\\/kmk-consulting-engineers\"]}]}<\/script>\n<!-- \/ Yoast SEO Premium plugin. -->","yoast_head_json":{"title":"Ch\u00ednh s\u00e1ch b\u1ea3o m\u1eadt | KMK Consulting Engineers, Bristol","description":"Ch\u00ednh s\u00e1ch b\u1ea3o m\u1eadt n\u00e0y qu\u1ea3n l\u00fd c\u00e1ch th\u1ee9c KMK Consulting Engineers thu th\u1eadp, s\u1eed d\u1ee5ng, duy tr\u00ec v\u00e0 ti\u1ebft l\u1ed9 th\u00f4ng tin","robots":{"index":"index","follow":"follow","max-snippet":"max-snippet:-1","max-image-preview":"max-image-preview:large","max-video-preview":"max-video-preview:-1"},"canonical":"https:\/\/www.kmkengineers.com\/vi\/chinh-sach-bao-mat\/","og_locale":"vi_VN","og_type":"article","og_title":"Privacy","og_description":"This Privacy Policy governs the manner in which KMK Consulting Engineers collects, uses, maintains and discloses information","og_url":"https:\/\/www.kmkengineers.com\/vi\/chinh-sach-bao-mat\/","og_site_name":"KMK Consulting Engineers","article_modified_time":"2020-08-07T11:33:06+00:00","twitter_card":"summary_large_image","twitter_misc":{"\u01af\u1edbc t\u00ednh th\u1eddi gian \u0111\u1ecdc":"8 ph\u00fat"},"schema":{"@context":"https:\/\/schema.org","@graph":[{"@type":"WebPage","@id":"https:\/\/www.kmkengineers.com\/privacy-policy\/","url":"https:\/\/www.kmkengineers.com\/privacy-policy\/","name":"Ch\u00ednh s\u00e1ch b\u1ea3o m\u1eadt | KMK Consulting Engineers, Bristol","isPartOf":{"@id":"https:\/\/www.kmkengineers.com\/#website"},"datePublished":"2018-11-22T13:50:02+00:00","dateModified":"2020-08-07T11:33:06+00:00","description":"Ch\u00ednh s\u00e1ch b\u1ea3o m\u1eadt n\u00e0y qu\u1ea3n l\u00fd c\u00e1ch th\u1ee9c KMK Consulting Engineers thu th\u1eadp, s\u1eed d\u1ee5ng, duy tr\u00ec v\u00e0 ti\u1ebft l\u1ed9 th\u00f4ng tin","breadcrumb":{"@id":"https:\/\/www.kmkengineers.com\/privacy-policy\/#breadcrumb"},"inLanguage":"vi","potentialAction":[{"@type":"ReadAction","target":["https:\/\/www.kmkengineers.com\/privacy-policy\/"]}]},{"@type":"BreadcrumbList","@id":"https:\/\/www.kmkengineers.com\/privacy-policy\/#breadcrumb","itemListElement":[{"@type":"ListItem","position":1,"name":"Home","item":"https:\/\/www.kmkengineers.com\/"},{"@type":"ListItem","position":2,"name":"Privacy"}]},{"@type":"WebSite","@id":"https:\/\/www.kmkengineers.com\/#website","url":"https:\/\/www.kmkengineers.com\/","name":"K\u1ef9 s\u01b0 t\u01b0 v\u1ea5n KMK","description":"Kinh nghi\u1ec7m | \u0110\u1ea3m b\u1ea3o | Ch\u1ea5t l\u01b0\u1ee3ng","publisher":{"@id":"https:\/\/www.kmkengineers.com\/#organization"},"potentialAction":[{"@type":"SearchAction","target":{"@type":"EntryPoint","urlTemplate":"https:\/\/www.kmkengineers.com\/?s={search_term_string}"},"query-input":{"@type":"PropertyValueSpecification","valueRequired":true,"valueName":"search_term_string"}}],"inLanguage":"vi"},{"@type":"Organization","@id":"https:\/\/www.kmkengineers.com\/#organization","name":"K\u1ef9 s\u01b0 t\u01b0 v\u1ea5n KMK","url":"https:\/\/www.kmkengineers.com\/","logo":{"@type":"ImageObject","inLanguage":"vi","@id":"https:\/\/www.kmkengineers.com\/#\/schema\/logo\/image\/","url":"https:\/\/www.kmkengineers.com\/wp-content\/uploads\/2021\/09\/KMK-Logo-Green.png","contentUrl":"https:\/\/www.kmkengineers.com\/wp-content\/uploads\/2021\/09\/KMK-Logo-Green.png","width":1000,"height":420,"caption":"KMK Consulting Engineers"},"image":{"@id":"https:\/\/www.kmkengineers.com\/#\/schema\/logo\/image\/"},"sameAs":["https:\/\/www.linkedin.com\/company\/kmk-consulting-engineers"]}]}},"_links":{"self":[{"href":"https:\/\/www.kmkengineers.com\/vi\/wp-json\/wp\/v2\/pages\/3","targetHints":{"allow":["GET"]}}],"collection":[{"href":"https:\/\/www.kmkengineers.com\/vi\/wp-json\/wp\/v2\/pages"}],"about":[{"href":"https:\/\/www.kmkengineers.com\/vi\/wp-json\/wp\/v2\/types\/page"}],"author":[{"embeddable":true,"href":"https:\/\/www.kmkengineers.com\/vi\/wp-json\/wp\/v2\/users\/1"}],"replies":[{"embeddable":true,"href":"https:\/\/www.kmkengineers.com\/vi\/wp-json\/wp\/v2\/comments?post=3"}],"version-history":[{"count":14,"href":"https:\/\/www.kmkengineers.com\/vi\/wp-json\/wp\/v2\/pages\/3\/revisions"}],"predecessor-version":[{"id":842,"href":"https:\/\/www.kmkengineers.com\/vi\/wp-json\/wp\/v2\/pages\/3\/revisions\/842"}],"wp:attachment":[{"href":"https:\/\/www.kmkengineers.com\/vi\/wp-json\/wp\/v2\/media?parent=3"}],"curies":[{"name":"wp","href":"https:\/\/api.w.org\/{rel}","templated":true}]}}